{"id":3,"date":"2020-09-29T10:52:00","date_gmt":"2020-09-29T08:52:00","guid":{"rendered":"http:\/\/www.aquinov.fr\/?page_id=3"},"modified":"2026-01-23T11:11:29","modified_gmt":"2026-01-23T10:11:29","slug":"politique-de-confidentialite","status":"publish","type":"page","link":"https:\/\/www.aquinov.fr\/conseils-propriete-industrielle-sud-ouest\/politique-de-confidentialite\/","title":{"rendered":"Politique de confidentialit\u00e9"},"content":{"rendered":"<p>[et_pb_section fb_built=\u00a0\u00bb1&Prime; _builder_version=\u00a0\u00bb4.16&Prime; global_colors_info=\u00a0\u00bb{}\u00a0\u00bb][et_pb_row _builder_version=\u00a0\u00bb4.16&Prime; background_size=\u00a0\u00bbinitial\u00a0\u00bb background_position=\u00a0\u00bbtop_left\u00a0\u00bb background_repeat=\u00a0\u00bbrepeat\u00a0\u00bb global_colors_info=\u00a0\u00bb{}\u00a0\u00bb][et_pb_column type=\u00a0\u00bb4_4&Prime; _builder_version=\u00a0\u00bb4.16&Prime; custom_padding=\u00a0\u00bb|||\u00a0\u00bb global_colors_info=\u00a0\u00bb{}\u00a0\u00bb custom_padding__hover=\u00a0\u00bb|||\u00a0\u00bb][et_pb_text _builder_version=\u00a0\u00bb4.27.5&Prime; background_size=\u00a0\u00bbinitial\u00a0\u00bb background_position=\u00a0\u00bbtop_left\u00a0\u00bb background_repeat=\u00a0\u00bbrepeat\u00a0\u00bb global_colors_info=\u00a0\u00bb{}\u00a0\u00bb]<\/p>\n<p><!-- divi:paragraph --><strong>Introduction<\/strong>\u00a0<\/p>\n<p><!-- divi:paragraph -->Devant le d\u00e9veloppement des nouveaux outils de communication, il est n\u00e9cessaire de porter une attention particuli\u00e8re \u00e0 la protection de la vie priv\u00e9e. C\u2019est pourquoi, Aquinov s\u2019engage \u00e0 prendre toutes les mesures n\u00e9cessaires permettant de garantir la s\u00e9curit\u00e9 et la confidentialit\u00e9 des informations fournies par l\u2019usager et de se conformer aux dispositions pr\u00e9vues par le R\u00e8glement G\u00e9n\u00e9ral sur la Protection des Donn\u00e9es (RGPD) R\u00e8glement UE 2016\/679 du 27 avril 2016 ainsi que la loi n\u00b078-17 du 6 janvier 1978 Informatique et Libert\u00e9.<\/p>\n<p>&nbsp;<\/p>\n<p><!-- divi:heading {\"level\":3} --><\/p>\n<h3>Collecte des renseignements personnels\u00a0<\/h3>\n<p><!-- divi:list --><\/p>\n<ul>\n<li>Pr\u00e9nom<\/li>\n<li>Adresse postale<\/li>\n<li>Code postal<\/li>\n<li>Adresse \u00e9lectronique<\/li>\n<\/ul>\n<p><!-- divi:paragraph -->Les renseignements personnels que nous collectons sont recueillis au travers de formulaires et gr\u00e2ce \u00e0 l\u2019interactivit\u00e9 \u00e9tablie entre vous et notre site Web. Nous utilisons \u00e9galement, comme indiqu\u00e9 dans la section suivante, des fichiers t\u00e9moins et\/ou journaux pour r\u00e9unir des informations vous concernant.<\/p>\n<p>&nbsp;<\/p>\n<p><!-- divi:heading {\"level\":3} --><\/p>\n<h3>Formulaires\u00a0et interactivit\u00e9:<\/h3>\n<p><!-- divi:paragraph -->Vos renseignements personnels sont collect\u00e9s par le biais de formulaire, \u00e0 savoir :<\/p>\n<ul>\n<li>Le formulaire de Contact<\/li>\n<li>Le formulaire de Newsletter<\/li>\n<\/ul>\n<p><!-- divi:paragraph -->Nous utilisons les renseignements ainsi collect\u00e9s pour les finalit\u00e9s suivantes :<\/p>\n<p><!-- divi:list --><\/p>\n<ul>\n<li>Contact<\/li>\n<\/ul>\n<p><!-- divi:paragraph -->Vos renseignements sont \u00e9galement collect\u00e9s par le biais de l\u2019interactivit\u00e9 pouvant s\u2019\u00e9tablir entre vous et notre site Web et ce, de la fa\u00e7on suivante:<\/p>\n<p><!-- divi:list --><\/p>\n<ul id=\"block-813580c0-8576-4b99-93b0-58c7fa7a22d1\">\n<li>Le formulaire de Contact<\/li>\n<li>Le formulaire de Newsletter<\/li>\n<\/ul>\n<p><!-- divi:paragraph -->Nous utilisons les renseignements ainsi collect\u00e9s pour les finalit\u00e9s suivantes :<\/p>\n<p><!-- divi:list --><\/p>\n<ul>\n<li>Contact<\/li>\n<\/ul>\n<p>&nbsp;<\/p>\n<p><!-- divi:heading {\"level\":3} --><\/p>\n<h3>Abonnements \u00e0 la Newsletter<\/h3>\n<p><!-- divi:paragraph -->Le service d\u2019envoi de la lettre d\u2019information ou newsletter est un traitement de donn\u00e9es personnelles g\u00e9r\u00e9 par Aquinov<\/p>\n<p><!-- divi:paragraph -->Nous nous r\u00e9servons le droit de modifier ou d\u2019adapter \u00e0 tout moment les mentions relatives \u00e0 la gestion des abonnements \u00e0 la newsletter. En cons\u00e9quence, nous vous invitons \u00e0 les consulter r\u00e9guli\u00e8rement<\/p>\n<p><!-- divi:paragraph -->Le responsable du traitement recueille des donn\u00e9es \u00e0 caract\u00e8re personnel, limit\u00e9 au strict n\u00e9cessaire, que vous fournissez telles l\u2019adresse \u00e9lectronique mais aussi la date d\u2019abonnement ou encore des \u00e9l\u00e9ments permettant d\u2019\u00e9tablir des statistiques li\u00e9es au service de la newsletter.<\/p>\n<p><!-- divi:paragraph -->La base juridique du traitement des donn\u00e9es personnelles repose, conform\u00e9ment \u00e0 l\u2019article 6 du r\u00e8glement g\u00e9n\u00e9ral sur la protection des donn\u00e9es ,sur :<\/p>\n<p><!-- divi:list --><\/p>\n<ul>\n<li>Le consentement : l\u2019utilisateur consent au traitement de ses donn\u00e9es personnelles lors de la communication de son adresse \u00e9lectronique.<\/li>\n<li>Lors de la souscription : lorsque le traitement est n\u00e9cessaire \u00e0 l\u2019ex\u00e9cution d\u2019un contrat auquel la personne concern\u00e9e est partie ou \u00e0 l\u2019ex\u00e9cution de mesures pr\u00e9contractuelles prises \u00e0 la demande de celle-ci<\/li>\n<li>Les int\u00e9r\u00eats l\u00e9gitimes en pr\u00e9sence : le traitement est \u00e9galement n\u00e9cessaire pour g\u00e9rer les abonnements \u00e0 la newsletter.<\/li>\n<\/ul>\n<p><!-- divi:paragraph -->Les donn\u00e9es sont destin\u00e9es \u00e0 Aquinov \u00e0 des fins de relation commerciale et de prospection. Elles peuvent \u00eatre transmises aux soci\u00e9t\u00e9s contribuant \u00e0 la r\u00e9alisation de ces missions.<\/p>\n<p><!-- divi:paragraph -->Le responsable du traitement conserve l\u2019adresse mail de l\u2019abonn\u00e9 tant que ce dernier ne se d\u00e9sabonne pas via le lien situ\u00e9 en pied de page de chaque Newsletter.<\/p>\n<p>&nbsp;<\/p>\n<p><!-- divi:heading {\"level\":3} --><\/p>\n<h3>Droit d\u2019opposition et de retrait<\/h3>\n<p><!-- divi:paragraph -->Nous nous engageons \u00e0 vous offrir un droit d\u2019opposition et de retrait quant \u00e0 vos renseignements personnels.Le droit d\u2019opposition s\u2019entend comme \u00e9tant la possiblit\u00e9 offerte aux internautes de refuser que leurs renseignements personnels soient utilis\u00e9es \u00e0 certaines fins mentionn\u00e9es lors de la collecte.<br \/>Le droit de retrait s\u2019entend comme \u00e9tant la possiblit\u00e9 offerte aux internautes de demander \u00e0 ce que leurs renseignements personnels ne figurent plus, par exemple, dans une liste de diffusion.<br \/><strong><\/strong><\/p>\n<p><strong>Pour pouvoir exercer ces droits, vous pouvez :<\/strong><br \/>Code postal : <span>35 Rue Tourat, 33000 Bordeaux<\/span><br \/>Courriel :\u00a0 aquinov@aquinov.fr<br \/>T\u00e9l\u00e9phone :\u00a0 +33 (0)5 57 54 47 15<br \/>Section du site web :\u00a0\u00a0 http:\/\/www.aquinov.fr\/contact\/<\/p>\n<p>&nbsp;<\/p>\n<h3>Droit d\u2019acc\u00e8s<\/h3>\n<p><!-- divi:paragraph -->Nous nous engageons \u00e0 reconna\u00eetre un droit d\u2019acc\u00e8s et de rectification aux personnes concern\u00e9es d\u00e9sireuses de consulter, modifier, voire radier les informations les concernant.<br \/><strong>L\u2019exercice de ce droit se fera :<\/strong><br \/>Code postal : 12 COURS XAVIER ARNOZAN, 33000 BORDEAUX<br \/>Courriel :\u00a0 aquinov@aquinov.fr<br \/>T\u00e9l\u00e9phone :\u00a0 +33 (0)5 57 54 47 15<br \/>Section du site web :\u00a0\u00a0 http:\/\/www.aquinov.fr\/contact\/\u00a0<\/p>\n<p><!-- divi:heading {\"level\":3} --><\/p>\n<h3><\/h3>\n<h3><\/h3>\n<h3>S\u00e9curit\u00e9<\/h3>\n<p><!-- divi:paragraph -->Les renseignements personnels que nous collectons sont conserv\u00e9s dans un environnement s\u00e9curis\u00e9. Les personnes travaillant pour nous sont tenues de respecter la confidentialit\u00e9 de vos informations.<br \/>Pour assurer la s\u00e9curit\u00e9 de vos renseignements personnels, nous avons recours aux mesures suivantes :<\/p>\n<ul>\n<li>Protocole SSL<\/li>\n<\/ul>\n<p><!-- divi:paragraph -->Nous nous engageons \u00e0 maintenir un haut degr\u00e9 de confidentialit\u00e9 en int\u00e9grant les derni\u00e8res innovations technologiques permettant d\u2019assurer la confidentialit\u00e9 de vos transactions. Toutefois, comme aucun m\u00e9canisme n\u2019offre une s\u00e9curit\u00e9 maximale, une part de risque est toujours pr\u00e9sente lorsque l\u2019on utilise Internet pour transmettre des renseignements personnels.<\/p>\n<p>&nbsp;<\/p>\n<p><!-- divi:heading {\"level\":3} --><\/p>\n<h3>L\u00e9gislation<\/h3>\n<p><!-- divi:paragraph -->Nous nous engageons \u00e0 respecter les dispositions l\u00e9gislatives \u00e9nonc\u00e9es dans :<br \/>L\u00e9gislation: http:\/\/www.cnil.fr\/fr\/reglement-europeen-protection-donnees<\/p>\n<p><!-- \/divi:paragraph --><\/p>\n<p>[\/et_pb_text][\/et_pb_column][\/et_pb_row][\/et_pb_section]<\/p>\n","protected":false},"excerpt":{"rendered":"<p>Introduction\u00a0 Devant le d\u00e9veloppement des nouveaux outils de communication, il est n\u00e9cessaire de porter une attention particuli\u00e8re \u00e0 la protection de la vie priv\u00e9e. C\u2019est pourquoi, Aquinov s\u2019engage \u00e0 prendre toutes les mesures n\u00e9cessaires permettant de garantir la s\u00e9curit\u00e9 et la confidentialit\u00e9 des informations fournies par l\u2019usager et de se conformer aux dispositions pr\u00e9vues par [&hellip;]<\/p>\n","protected":false},"author":7,"featured_media":0,"parent":0,"menu_order":0,"comment_status":"closed","ping_status":"open","template":"","meta":{"_et_pb_use_builder":"on","_et_pb_old_content":"<!-- wp:paragraph -->\n<p><strong>Introduction<\/strong><\/p>\n<!-- \/wp:paragraph -->\n\n<!-- wp:paragraph -->\n<p>Devant le d\u00e9veloppement des nouveaux outils de communication, il est n\u00e9cessaire de porter une attention particuli\u00e8re \u00e0 la protection de la vie priv\u00e9e. C\u2019est pourquoi, Aquinov s\u2019engage \u00e0 prendre toutes les mesures n\u00e9cessaires permettant de garantir la s\u00e9curit\u00e9 et la confidentialit\u00e9 des informations fournies par l\u2019usager et de se conformer aux dispositions pr\u00e9vues par le R\u00e8glement G\u00e9n\u00e9ral sur la Protection des Donn\u00e9es (RGPD) R\u00e8glement UE 2016\/679 du 27 avril 2016 ainsi que la loi n\u00b078-17 du 6 janvier 1978 Informatique et Libert\u00e9.<\/p>\n<!-- \/wp:paragraph -->\n\n<!-- wp:paragraph -->\n<p><\/p>\n<!-- \/wp:paragraph -->\n\n<!-- wp:heading {\"level\":3} -->\n<h3>Collecte des renseignements personnels<\/h3>\n<!-- \/wp:heading -->\n\n<!-- wp:list -->\n<ul><li>Pr\u00e9nom<\/li><li>Adresse postale<\/li><li>Code postal<\/li><li>Adresse \u00e9lectronique<\/li><\/ul>\n<!-- \/wp:list -->\n\n<!-- wp:paragraph -->\n<p>Les renseignements personnels que nous collectons sont recueillis au travers de formulaires et gr\u00e2ce \u00e0 l\u2019interactivit\u00e9 \u00e9tablie entre vous et notre site Web. Nous utilisons \u00e9galement, comme indiqu\u00e9 dans la section suivante, des fichiers t\u00e9moins et\/ou journaux pour r\u00e9unir des informations vous concernant.<\/p>\n<!-- \/wp:paragraph -->\n\n<!-- wp:paragraph -->\n<p><\/p>\n<!-- \/wp:paragraph -->\n\n<!-- wp:heading {\"level\":3} -->\n<h3>Formulaires&nbsp;et interactivit\u00e9:<\/h3>\n<!-- \/wp:heading -->\n\n<!-- wp:paragraph -->\n<p>Vos renseignements personnels sont collect\u00e9s par le biais de formulaire, \u00e0 savoir :<\/p>\n<!-- \/wp:paragraph -->\n\n<!-- wp:list -->\n<ul><li>Le formulaire de Contact<\/li><li>Le formulaire de Newsletter<\/li><\/ul>\n<!-- \/wp:list -->\n\n<!-- wp:paragraph -->\n<p>Nous utilisons les renseignements ainsi collect\u00e9s pour les finalit\u00e9s suivantes :<\/p>\n<!-- \/wp:paragraph -->\n\n<!-- wp:list -->\n<ul><li>Contact<\/li><\/ul>\n<!-- \/wp:list -->\n\n<!-- wp:paragraph -->\n<p>Vos renseignements sont \u00e9galement collect\u00e9s par le biais de l\u2019interactivit\u00e9 pouvant s\u2019\u00e9tablir entre vous et notre site Web et ce, de la fa\u00e7on suivante:<\/p>\n<!-- \/wp:paragraph -->\n\n<!-- wp:list -->\n<ul id=\"block-813580c0-8576-4b99-93b0-58c7fa7a22d1\"><li>Le formulaire de Contact<\/li><li>Le formulaire de Newsletter<\/li><\/ul>\n<!-- \/wp:list -->\n\n<!-- wp:paragraph -->\n<p><br>Nous utilisons les renseignements ainsi collect\u00e9s pour les finalit\u00e9s suivantes :<\/p>\n<!-- \/wp:paragraph -->\n\n<!-- wp:list -->\n<ul><li>Contact<\/li><\/ul>\n<!-- \/wp:list -->\n\n<!-- wp:paragraph -->\n<p><\/p>\n<!-- \/wp:paragraph -->\n\n<!-- wp:heading {\"level\":3} -->\n<h3>Abonnements \u00e0 la Newsletter<\/h3>\n<!-- \/wp:heading -->\n\n<!-- wp:paragraph -->\n<p>Le service d\u2019envoi de la lettre d\u2019information ou newsletter est un traitement de donn\u00e9es personnelles g\u00e9r\u00e9 par Aquinov<\/p>\n<!-- \/wp:paragraph -->\n\n<!-- wp:paragraph -->\n<p>Nous nous  r\u00e9servons le droit de modifier ou d\u2019adapter \u00e0 tout moment les mentions relatives \u00e0 la gestion des abonnements \u00e0 la newsletter. En cons\u00e9quence, nous vous invitons \u00e0 les consulter r\u00e9guli\u00e8rement<\/p>\n<!-- \/wp:paragraph -->\n\n<!-- wp:paragraph -->\n<p>Le responsable du traitement recueille des donn\u00e9es \u00e0 caract\u00e8re personnel, limit\u00e9 au strict n\u00e9cessaire, que vous fournissez telles l\u2019adresse \u00e9lectronique mais aussi la date d\u2019abonnement ou encore des \u00e9l\u00e9ments permettant d\u2019\u00e9tablir des statistiques li\u00e9es au service de la newsletter.<br><\/p>\n<!-- \/wp:paragraph -->\n\n<!-- wp:paragraph -->\n<p>La base juridique du traitement des donn\u00e9es personnelles repose, conform\u00e9ment \u00e0 l\u2019article 6 du r\u00e8glement g\u00e9n\u00e9ral sur la protection des donn\u00e9es ,sur :<\/p>\n<!-- \/wp:paragraph -->\n\n<!-- wp:list -->\n<ul><li>Le consentement : l\u2019utilisateur consent au traitement de ses donn\u00e9es personnelles lors de la communication de son adresse \u00e9lectronique.<\/li><li>Lors de la souscription : lorsque le traitement est n\u00e9cessaire \u00e0 l\u2019ex\u00e9cution d\u2019un contrat auquel la personne concern\u00e9e est partie ou \u00e0 l\u2019ex\u00e9cution de mesures pr\u00e9contractuelles prises \u00e0 la demande de celle-ci<\/li><li>Les int\u00e9r\u00eats l\u00e9gitimes en pr\u00e9sence : le traitement est \u00e9galement n\u00e9cessaire pour g\u00e9rer les abonnements \u00e0 la newsletter.<\/li><\/ul>\n<!-- \/wp:list -->\n\n<!-- wp:paragraph -->\n<p>Les donn\u00e9es sont destin\u00e9es \u00e0 Aquinov \u00e0 des fins de relation commerciale et de prospection. Elles peuvent \u00eatre transmises aux soci\u00e9t\u00e9s contribuant \u00e0 la r\u00e9alisation de ces missions.<\/p>\n<!-- \/wp:paragraph -->\n\n<!-- wp:paragraph -->\n<p>Le responsable du traitement conserve l\u2019adresse mail de l\u2019abonn\u00e9 tant que ce dernier ne se d\u00e9sabonne pas via le lien situ\u00e9 en pied de page de chaque Newsletter.<\/p>\n<!-- \/wp:paragraph -->\n\n<!-- wp:paragraph -->\n<p><\/p>\n<!-- \/wp:paragraph -->\n\n<!-- wp:heading {\"level\":3} -->\n<h3>Droit d\u2019opposition et de retrait<\/h3>\n<!-- \/wp:heading -->\n\n<!-- wp:paragraph -->\n<p>Nous nous engageons \u00e0 vous offrir un droit d\u2019opposition et de retrait quant \u00e0 vos renseignements personnels.Le droit d\u2019opposition s\u2019entend comme \u00e9tant la possiblit\u00e9 offerte aux internautes de refuser que leurs renseignements personnels soient utilis\u00e9es \u00e0 certaines fins mentionn\u00e9es lors de la collecte.<br>Le droit de retrait s\u2019entend comme \u00e9tant la possiblit\u00e9 offerte aux internautes de demander \u00e0 ce que leurs renseignements personnels ne figurent plus, par exemple, dans une liste de diffusion.<br><strong>Pour pouvoir exercer ces droits, vous pouvez :<\/strong><br>Code postal :&nbsp; All\u00e9e de la Foresti\u00e8re, 33750 Beychac-et-Caillau<br>Courriel :&nbsp; aquinov@aquinov.fr<br>T\u00e9l\u00e9phone :&nbsp; +33 (0)5 57 54 47 15<br>Section du site web :&nbsp;&nbsp; http:\/\/www.aquinov.fr\/contact\/<\/p>\n<!-- \/wp:paragraph -->\n\n<!-- wp:paragraph -->\n<p><\/p>\n<!-- \/wp:paragraph -->\n\n<!-- wp:heading {\"level\":3} -->\n<h3>Droit d\u2019acc\u00e8s<\/h3>\n<!-- \/wp:heading -->\n\n<!-- wp:paragraph -->\n<p>Nous nous engageons \u00e0 reconna\u00eetre un droit d\u2019acc\u00e8s et de rectification aux personnes concern\u00e9es d\u00e9sireuses de consulter, modifier, voire radier les informations les concernant.<br><strong>L\u2019exercice de ce droit se fera :<\/strong><br>Code postal :&nbsp; All\u00e9e de la Foresti\u00e8re, 33750 Beychac-et-Caillau<br>Courriel :&nbsp; aquinov@aquinov.fr<br>T\u00e9l\u00e9phone :&nbsp; +33 (0)5 57 54 47 15<br>Section du site web :&nbsp;&nbsp; http:\/\/www.aquinov.fr\/contact\/<\/p>\n<!-- \/wp:paragraph -->\n\n<!-- wp:paragraph -->\n<p><\/p>\n<!-- \/wp:paragraph -->\n\n<!-- wp:heading {\"level\":3} -->\n<h3>S\u00e9curit\u00e9<\/h3>\n<!-- \/wp:heading -->\n\n<!-- wp:paragraph -->\n<p>Les renseignements personnels que nous collectons sont conserv\u00e9s dans un environnement s\u00e9curis\u00e9. Les personnes travaillant pour nous sont tenues de respecter la confidentialit\u00e9 de vos informations.<br>Pour assurer la s\u00e9curit\u00e9 de vos renseignements personnels, nous avons recours aux mesures suivantes :<\/p>\n<!-- \/wp:paragraph -->\n\n<!-- wp:list -->\n<ul><li>Protocole SSL<\/li><\/ul>\n<!-- \/wp:list -->\n\n<!-- wp:paragraph -->\n<p>Nous nous engageons \u00e0 maintenir un haut degr\u00e9 de confidentialit\u00e9 en int\u00e9grant les derni\u00e8res innovations technologiques permettant d\u2019assurer la confidentialit\u00e9 de vos transactions. Toutefois, comme aucun m\u00e9canisme n\u2019offre une s\u00e9curit\u00e9 maximale, une part de risque est toujours pr\u00e9sente lorsque l\u2019on utilise Internet pour transmettre des renseignements personnels.<\/p>\n<!-- \/wp:paragraph -->\n\n<!-- wp:paragraph -->\n<p><\/p>\n<!-- \/wp:paragraph -->\n\n<!-- wp:heading {\"level\":3} -->\n<h3>L\u00e9gislation<\/h3>\n<!-- \/wp:heading -->\n\n<!-- wp:paragraph -->\n<p>Nous nous engageons \u00e0 respecter les dispositions l\u00e9gislatives \u00e9nonc\u00e9es dans :<br>L\u00e9gislation: http:\/\/www.cnil.fr\/fr\/reglement-europeen-protection-donnees<\/p>\n<!-- \/wp:paragraph -->\n\n<!-- wp:paragraph -->\n<p><\/p>\n<!-- \/wp:paragraph -->\n\n<!-- wp:paragraph -->\n<p><\/p>\n<!-- \/wp:paragraph -->\n\n<!-- wp:paragraph -->\n<p><\/p>\n<!-- \/wp:paragraph -->\n\n<!-- wp:paragraph -->\n<p><\/p>\n<!-- \/wp:paragraph -->","_et_gb_content_width":"1080","footnotes":""},"class_list":["post-3","page","type-page","status-publish","hentry"],"yoast_head":"<!-- This site is optimized with the Yoast SEO plugin v27.3 - https:\/\/yoast.com\/product\/yoast-seo-wordpress\/ -->\n<title>Politique de confidentialit\u00e9 - Aquinov<\/title>\n<meta name=\"robots\" content=\"index, follow, max-snippet:-1, max-image-preview:large, max-video-preview:-1\" \/>\n<link rel=\"canonical\" href=\"https:\/\/www.aquinov.fr\/conseils-propriete-industrielle-sud-ouest\/politique-de-confidentialite\/\" \/>\n<meta property=\"og:locale\" content=\"fr_FR\" \/>\n<meta property=\"og:type\" content=\"article\" \/>\n<meta property=\"og:title\" content=\"Politique de confidentialit\u00e9 - Aquinov\" \/>\n<meta property=\"og:description\" content=\"Introduction\u00a0 Devant le d\u00e9veloppement des nouveaux outils de communication, il est n\u00e9cessaire de porter une attention particuli\u00e8re \u00e0 la protection de la vie priv\u00e9e. C\u2019est pourquoi, Aquinov s\u2019engage \u00e0 prendre toutes les mesures n\u00e9cessaires permettant de garantir la s\u00e9curit\u00e9 et la confidentialit\u00e9 des informations fournies par l\u2019usager et de se conformer aux dispositions pr\u00e9vues par [&hellip;]\" \/>\n<meta property=\"og:url\" content=\"https:\/\/www.aquinov.fr\/conseils-propriete-industrielle-sud-ouest\/politique-de-confidentialite\/\" \/>\n<meta property=\"og:site_name\" content=\"Aquinov\" \/>\n<meta property=\"article:modified_time\" content=\"2026-01-23T10:11:29+00:00\" \/>\n<meta name=\"twitter:card\" content=\"summary_large_image\" \/>\n<meta name=\"twitter:label1\" content=\"Dur\u00e9e de lecture estim\u00e9e\" \/>\n\t<meta name=\"twitter:data1\" content=\"4 minutes\" \/>\n<script type=\"application\/ld+json\" class=\"yoast-schema-graph\">{\"@context\":\"https:\\\/\\\/schema.org\",\"@graph\":[{\"@type\":\"WebPage\",\"@id\":\"https:\\\/\\\/www.aquinov.fr\\\/conseils-propriete-industrielle-sud-ouest\\\/politique-de-confidentialite\\\/\",\"url\":\"https:\\\/\\\/www.aquinov.fr\\\/conseils-propriete-industrielle-sud-ouest\\\/politique-de-confidentialite\\\/\",\"name\":\"Politique de confidentialit\u00e9 - Aquinov\",\"isPartOf\":{\"@id\":\"https:\\\/\\\/www.aquinov.fr\\\/conseils-propriete-industrielle-sud-ouest\\\/#website\"},\"datePublished\":\"2020-09-29T08:52:00+00:00\",\"dateModified\":\"2026-01-23T10:11:29+00:00\",\"inLanguage\":\"fr-FR\",\"potentialAction\":[{\"@type\":\"ReadAction\",\"target\":[\"https:\\\/\\\/www.aquinov.fr\\\/conseils-propriete-industrielle-sud-ouest\\\/politique-de-confidentialite\\\/\"]}]},{\"@type\":\"WebSite\",\"@id\":\"https:\\\/\\\/www.aquinov.fr\\\/conseils-propriete-industrielle-sud-ouest\\\/#website\",\"url\":\"https:\\\/\\\/www.aquinov.fr\\\/conseils-propriete-industrielle-sud-ouest\\\/\",\"name\":\"Aquinov\",\"description\":\"DONNEZ DE LA VALEUR \u00c0 VOS INNOVATIONS\",\"potentialAction\":[{\"@type\":\"SearchAction\",\"target\":{\"@type\":\"EntryPoint\",\"urlTemplate\":\"https:\\\/\\\/www.aquinov.fr\\\/conseils-propriete-industrielle-sud-ouest\\\/?s={search_term_string}\"},\"query-input\":{\"@type\":\"PropertyValueSpecification\",\"valueRequired\":true,\"valueName\":\"search_term_string\"}}],\"inLanguage\":\"fr-FR\"}]}<\/script>\n<!-- \/ Yoast SEO plugin. -->","yoast_head_json":{"title":"Politique de confidentialit\u00e9 - Aquinov","robots":{"index":"index","follow":"follow","max-snippet":"max-snippet:-1","max-image-preview":"max-image-preview:large","max-video-preview":"max-video-preview:-1"},"canonical":"https:\/\/www.aquinov.fr\/conseils-propriete-industrielle-sud-ouest\/politique-de-confidentialite\/","og_locale":"fr_FR","og_type":"article","og_title":"Politique de confidentialit\u00e9 - Aquinov","og_description":"Introduction\u00a0 Devant le d\u00e9veloppement des nouveaux outils de communication, il est n\u00e9cessaire de porter une attention particuli\u00e8re \u00e0 la protection de la vie priv\u00e9e. C\u2019est pourquoi, Aquinov s\u2019engage \u00e0 prendre toutes les mesures n\u00e9cessaires permettant de garantir la s\u00e9curit\u00e9 et la confidentialit\u00e9 des informations fournies par l\u2019usager et de se conformer aux dispositions pr\u00e9vues par [&hellip;]","og_url":"https:\/\/www.aquinov.fr\/conseils-propriete-industrielle-sud-ouest\/politique-de-confidentialite\/","og_site_name":"Aquinov","article_modified_time":"2026-01-23T10:11:29+00:00","twitter_card":"summary_large_image","twitter_misc":{"Dur\u00e9e de lecture estim\u00e9e":"4 minutes"},"schema":{"@context":"https:\/\/schema.org","@graph":[{"@type":"WebPage","@id":"https:\/\/www.aquinov.fr\/conseils-propriete-industrielle-sud-ouest\/politique-de-confidentialite\/","url":"https:\/\/www.aquinov.fr\/conseils-propriete-industrielle-sud-ouest\/politique-de-confidentialite\/","name":"Politique de confidentialit\u00e9 - Aquinov","isPartOf":{"@id":"https:\/\/www.aquinov.fr\/conseils-propriete-industrielle-sud-ouest\/#website"},"datePublished":"2020-09-29T08:52:00+00:00","dateModified":"2026-01-23T10:11:29+00:00","inLanguage":"fr-FR","potentialAction":[{"@type":"ReadAction","target":["https:\/\/www.aquinov.fr\/conseils-propriete-industrielle-sud-ouest\/politique-de-confidentialite\/"]}]},{"@type":"WebSite","@id":"https:\/\/www.aquinov.fr\/conseils-propriete-industrielle-sud-ouest\/#website","url":"https:\/\/www.aquinov.fr\/conseils-propriete-industrielle-sud-ouest\/","name":"Aquinov","description":"DONNEZ DE LA VALEUR \u00c0 VOS INNOVATIONS","potentialAction":[{"@type":"SearchAction","target":{"@type":"EntryPoint","urlTemplate":"https:\/\/www.aquinov.fr\/conseils-propriete-industrielle-sud-ouest\/?s={search_term_string}"},"query-input":{"@type":"PropertyValueSpecification","valueRequired":true,"valueName":"search_term_string"}}],"inLanguage":"fr-FR"}]}},"_links":{"self":[{"href":"https:\/\/www.aquinov.fr\/conseils-propriete-industrielle-sud-ouest\/wp-json\/wp\/v2\/pages\/3","targetHints":{"allow":["GET"]}}],"collection":[{"href":"https:\/\/www.aquinov.fr\/conseils-propriete-industrielle-sud-ouest\/wp-json\/wp\/v2\/pages"}],"about":[{"href":"https:\/\/www.aquinov.fr\/conseils-propriete-industrielle-sud-ouest\/wp-json\/wp\/v2\/types\/page"}],"author":[{"embeddable":true,"href":"https:\/\/www.aquinov.fr\/conseils-propriete-industrielle-sud-ouest\/wp-json\/wp\/v2\/users\/7"}],"replies":[{"embeddable":true,"href":"https:\/\/www.aquinov.fr\/conseils-propriete-industrielle-sud-ouest\/wp-json\/wp\/v2\/comments?post=3"}],"version-history":[{"count":14,"href":"https:\/\/www.aquinov.fr\/conseils-propriete-industrielle-sud-ouest\/wp-json\/wp\/v2\/pages\/3\/revisions"}],"predecessor-version":[{"id":2494,"href":"https:\/\/www.aquinov.fr\/conseils-propriete-industrielle-sud-ouest\/wp-json\/wp\/v2\/pages\/3\/revisions\/2494"}],"wp:attachment":[{"href":"https:\/\/www.aquinov.fr\/conseils-propriete-industrielle-sud-ouest\/wp-json\/wp\/v2\/media?parent=3"}],"curies":[{"name":"wp","href":"https:\/\/api.w.org\/{rel}","templated":true}]}}