{"id":411,"date":"2021-01-04T17:55:58","date_gmt":"2021-01-04T16:55:58","guid":{"rendered":"http:\/\/www.aquinov.fr\/?page_id=411"},"modified":"2021-03-10T15:54:44","modified_gmt":"2021-03-10T14:54:44","slug":"a-vos-cotes","status":"publish","type":"page","link":"https:\/\/www.aquinov.fr\/conseils-propriete-industrielle-sud-ouest\/a-vos-cotes\/","title":{"rendered":"\u00c0 VOS C\u00d4T\u00c9S"},"content":{"rendered":"<p>[et_pb_section fb_built=\u00a0\u00bb1&Prime; module_class=\u00a0\u00bbcentrer-verticalement\u00a0\u00bb _builder_version=\u00a0\u00bb4.6.6&Prime; background_color=\u00a0\u00bb#e73e45&Prime; background_image=\u00a0\u00bbhttp:\/\/www.aquinov.fr\/wp-content\/uploads\/2020\/10\/shutterstock_383741755.png\u00a0\u00bb parallax=\u00a0\u00bbon\u00a0\u00bb parallax_method=\u00a0\u00bboff\u00a0\u00bb z_index=\u00a0\u00bb114&Prime; height=\u00a0\u00bb490px\u00a0\u00bb custom_padding=\u00a0\u00bb0px||0px||true|\u00a0\u00bb box_shadow_style=\u00a0\u00bbpreset1&Prime; locked=\u00a0\u00bboff\u00a0\u00bb][et_pb_row make_equal=\u00a0\u00bbon\u00a0\u00bb custom_padding_last_edited=\u00a0\u00bbon|phone\u00a0\u00bb _builder_version=\u00a0\u00bb4.6.6&Prime; use_background_color_gradient=\u00a0\u00bbon\u00a0\u00bb background_color_gradient_start=\u00a0\u00bbrgba(231,62,69,0)\u00a0\u00bb background_color_gradient_end=\u00a0\u00bb#E73E45&Prime; width=\u00a0\u00bb100%\u00a0\u00bb max_width=\u00a0\u00bb100%\u00a0\u00bb height=\u00a0\u00bb100%\u00a0\u00bb custom_padding=\u00a0\u00bb170px|||||\u00a0\u00bb custom_padding_tablet=\u00a0\u00bb\u00a0\u00bb custom_padding_phone=\u00a0\u00bb100px||||false|false\u00a0\u00bb animation_style=\u00a0\u00bbfade\u00a0\u00bb][et_pb_column type=\u00a0\u00bb4_4&Prime; _builder_version=\u00a0\u00bb3.29.3&Prime;][et_pb_text _builder_version=\u00a0\u00bb4.6.6&Prime; header_text_align=\u00a0\u00bbleft\u00a0\u00bb header_2_font=\u00a0\u00bbAbel|||on|||||\u00a0\u00bb header_2_text_align=\u00a0\u00bbcenter\u00a0\u00bb header_2_text_color=\u00a0\u00bb#FFFFFF\u00a0\u00bb header_2_font_size=\u00a0\u00bb60px\u00a0\u00bb header_3_font=\u00a0\u00bbAbel|||on|||||\u00a0\u00bb header_3_text_align=\u00a0\u00bbcenter\u00a0\u00bb header_3_text_color=\u00a0\u00bb#FFFFFF\u00a0\u00bb header_3_font_size=\u00a0\u00bb35px\u00a0\u00bb width=\u00a0\u00bb80%\u00a0\u00bb max_width=\u00a0\u00bb1080px\u00a0\u00bb module_alignment=\u00a0\u00bbcenter\u00a0\u00bb custom_margin=\u00a0\u00bb||12px|||\u00a0\u00bb scroll_vertical_motion=\u00a0\u00bb0|85|85|100|0|0|-4&Prime; header_2_font_size_tablet=\u00a0\u00bb\u00a0\u00bb header_2_font_size_phone=\u00a0\u00bb40px\u00a0\u00bb header_2_font_size_last_edited=\u00a0\u00bbon|phone\u00a0\u00bb scroll_vertical_motion_tablet=\u00a0\u00bb\u00a0\u00bb scroll_vertical_motion_phone=\u00a0\u00bb0|85|85|100|0|0|0&Prime; scroll_vertical_motion_last_edited=\u00a0\u00bbon|phone\u00a0\u00bb]<\/p>\n<h2>\u00c0 VOS C\u00d4T\u00c9S<\/h2>\n<p>[\/et_pb_text][et_pb_divider color=\u00a0\u00bb#FFFFFF\u00a0\u00bb divider_weight=\u00a0\u00bb5px\u00a0\u00bb _builder_version=\u00a0\u00bb4.6.6&Prime; width=\u00a0\u00bb150px\u00a0\u00bb module_alignment=\u00a0\u00bbcenter\u00a0\u00bb custom_padding=\u00a0\u00bb||||false|false\u00a0\u00bb scroll_vertical_motion=\u00a0\u00bb0|85|85|100|0|0|-4&Prime; scroll_fade=\u00a0\u00bb0|80|80|100|100%|100|0%\u00a0\u00bb scroll_vertical_motion_tablet=\u00a0\u00bb\u00a0\u00bb scroll_vertical_motion_phone=\u00a0\u00bb0|85|85|100|0|0|0&Prime; scroll_vertical_motion_last_edited=\u00a0\u00bbon|phone\u00a0\u00bb scroll_fade_tablet=\u00a0\u00bb\u00a0\u00bb scroll_fade_phone=\u00a0\u00bb0|80|80|100|100%|100|100%\u00a0\u00bb scroll_fade_last_edited=\u00a0\u00bbon|phone\u00a0\u00bb][\/et_pb_divider][\/et_pb_column][\/et_pb_row][\/et_pb_section][et_pb_section fb_built=\u00a0\u00bb1&Prime; _builder_version=\u00a0\u00bb4.6.6&Prime; background_color=\u00a0\u00bbrgba(0,0,0,0)\u00a0\u00bb custom_margin=\u00a0\u00bb-194px||||false|false\u00a0\u00bb custom_padding=\u00a0\u00bb0px||0px||false|false\u00a0\u00bb locked=\u00a0\u00bboff\u00a0\u00bb][et_pb_row column_structure=\u00a0\u00bb1_2,1_2&Prime; _builder_version=\u00a0\u00bb4.6.6&Prime; background_color=\u00a0\u00bbrgba(0,0,0,0)\u00a0\u00bb module_alignment=\u00a0\u00bbcenter\u00a0\u00bb custom_margin=\u00a0\u00bb0px|0px||0px|false|false\u00a0\u00bb custom_padding=\u00a0\u00bb0px|0px|0px|0px|false|false\u00a0\u00bb][et_pb_column type=\u00a0\u00bb1_2&Prime; _builder_version=\u00a0\u00bb4.6.6&Prime; background_color=\u00a0\u00bb#ffffff\u00a0\u00bb z_index=\u00a0\u00bb426&Prime; custom_padding=\u00a0\u00bb40px|40px|40px|40px|false|false\u00a0\u00bb custom_padding_tablet=\u00a0\u00bb\u00a0\u00bb custom_padding_phone=\u00a0\u00bb20px|20px|20px|20px|true|true\u00a0\u00bb custom_padding_last_edited=\u00a0\u00bbon|phone\u00a0\u00bb animation_style=\u00a0\u00bbfade\u00a0\u00bb border_radii=\u00a0\u00bbon|20px|20px|20px|20px\u00a0\u00bb box_shadow_style=\u00a0\u00bbpreset1&Prime;][et_pb_text _builder_version=\u00a0\u00bb4.6.5&Prime; header_text_align=\u00a0\u00bbleft\u00a0\u00bb header_text_color=\u00a0\u00bb#FFFFFF\u00a0\u00bb header_3_font=\u00a0\u00bbAbel|||on|||||\u00a0\u00bb header_3_text_align=\u00a0\u00bbleft\u00a0\u00bb header_3_text_color=\u00a0\u00bb#003b54&Prime; header_3_font_size=\u00a0\u00bb35px\u00a0\u00bb header_4_font=\u00a0\u00bbSource Sans Pro|700||on|||||\u00a0\u00bb header_4_text_color=\u00a0\u00bb#e73e45&Prime; header_4_font_size=\u00a0\u00bb25px\u00a0\u00bb module_alignment=\u00a0\u00bbleft\u00a0\u00bb custom_margin=\u00a0\u00bb||12px|||\u00a0\u00bb header_3_text_align_tablet=\u00a0\u00bbcenter\u00a0\u00bb header_3_text_align_phone=\u00a0\u00bb\u00a0\u00bb header_3_text_align_last_edited=\u00a0\u00bbon|tablet\u00a0\u00bb locked=\u00a0\u00bboff\u00a0\u00bb]<\/p>\n<h3><span style=\"color: #e73e45; font-family: 'Source Sans Pro', Helvetica, Arial, Lucida, sans-serif; font-size: 25px; font-weight: bold;\">Un accompagnement<\/span><\/h3>\n<p>[\/et_pb_text][et_pb_divider color=\u00a0\u00bb#E73E45&Prime; divider_weight=\u00a0\u00bb5px\u00a0\u00bb _builder_version=\u00a0\u00bb4.6.5&Prime; width=\u00a0\u00bb150px\u00a0\u00bb module_alignment=\u00a0\u00bbleft\u00a0\u00bb custom_margin=\u00a0\u00bb||5px||false|false\u00a0\u00bb module_alignment_tablet=\u00a0\u00bbcenter\u00a0\u00bb module_alignment_phone=\u00a0\u00bb\u00a0\u00bb module_alignment_last_edited=\u00a0\u00bbon|tablet\u00a0\u00bb][\/et_pb_divider][et_pb_text _builder_version=\u00a0\u00bb4.6.6&Prime; header_text_align=\u00a0\u00bbleft\u00a0\u00bb header_4_font=\u00a0\u00bbSource Sans Pro||||||||\u00a0\u00bb header_4_text_align=\u00a0\u00bbleft\u00a0\u00bb header_4_font_size=\u00a0\u00bb20px\u00a0\u00bb header_4_line_height=\u00a0\u00bb1.3em\u00a0\u00bb text_orientation=\u00a0\u00bbcenter\u00a0\u00bb header_4_text_align_tablet=\u00a0\u00bbcenter\u00a0\u00bb header_4_text_align_phone=\u00a0\u00bb\u00a0\u00bb header_4_text_align_last_edited=\u00a0\u00bbon|tablet\u00a0\u00bb header_4_font_size_tablet=\u00a0\u00bb\u00a0\u00bb header_4_font_size_phone=\u00a0\u00bb18px\u00a0\u00bb header_4_font_size_last_edited=\u00a0\u00bbon|phone\u00a0\u00bb]<\/p>\n<h4><strong>Nous intervenons \u00e0 chaque \u00e9tape de la cr\u00e9ation et du d\u00e9veloppement de votre entreprise afin de prot\u00e9ger, \u00e9valuer et valoriser vos actifs immat\u00e9riels.<\/strong><\/h4>\n<h4>Nous avons une excellente connaissance de l\u2019environnement des startups, de leurs contraintes, juridiques et techniques, de leur process de financement, aussi nous sommes en capacit\u00e9 de proposer des strat\u00e9gies et actions parfaitement en accord avec leurs besoins.<\/h4>\n<p>[\/et_pb_text][\/et_pb_column][et_pb_column type=\u00a0\u00bb1_2&Prime; _builder_version=\u00a0\u00bb4.6.6&Prime; z_index=\u00a0\u00bb6&Prime; custom_padding=\u00a0\u00bb284px|40px||40px|false|false\u00a0\u00bb custom_padding_tablet=\u00a0\u00bb40px||||false|false\u00a0\u00bb custom_padding_phone=\u00a0\u00bb|10px||10px|false|true\u00a0\u00bb custom_padding_last_edited=\u00a0\u00bbon|phone\u00a0\u00bb animation_style=\u00a0\u00bbfade\u00a0\u00bb border_width_left=\u00a0\u00bb3px\u00a0\u00bb border_color_left=\u00a0\u00bb#e73e45&Prime; border_width_left_tablet=\u00a0\u00bb0px\u00a0\u00bb border_width_left_phone=\u00a0\u00bb\u00a0\u00bb border_width_left_last_edited=\u00a0\u00bbon|tablet\u00a0\u00bb][et_pb_blurb title=\u00a0\u00bbId\u00e9ation \/Cr\u00e9ation\u00a0\u00bb image=\u00a0\u00bbhttp:\/\/www.aquinov.fr\/wp-content\/uploads\/2020\/11\/Picto2_Plan-de-travail-1.png\u00a0\u00bb icon_placement=\u00a0\u00bbleft\u00a0\u00bb image_max_width=\u00a0\u00bb70px\u00a0\u00bb image_max_width_tablet=\u00a0\u00bb\u00a0\u00bb image_max_width_phone=\u00a0\u00bb50px\u00a0\u00bb image_max_width_last_edited=\u00a0\u00bbon|phone\u00a0\u00bb _builder_version=\u00a0\u00bb4.6.6&Prime; header_font=\u00a0\u00bbSource Sans Pro|||on|||||\u00a0\u00bb header_text_color=\u00a0\u00bb#003b54&Prime; header_font_size=\u00a0\u00bb25px\u00a0\u00bb body_text_color=\u00a0\u00bb#e73e45&Prime; body_font_size=\u00a0\u00bb16px\u00a0\u00bb max_width=\u00a0\u00bb500px\u00a0\u00bb max_width_tablet=\u00a0\u00bb100%\u00a0\u00bb max_width_phone=\u00a0\u00bb\u00a0\u00bb max_width_last_edited=\u00a0\u00bbon|tablet\u00a0\u00bb custom_margin=\u00a0\u00bb-14px||26px|-74px|false|false\u00a0\u00bb custom_margin_tablet=\u00a0\u00bb-14px||26px|0px|false|false\u00a0\u00bb custom_margin_phone=\u00a0\u00bb\u00a0\u00bb custom_margin_last_edited=\u00a0\u00bbon|tablet\u00a0\u00bb custom_padding=\u00a0\u00bb||0px|||\u00a0\u00bb border_color_all_image=\u00a0\u00bb#ffffff\u00a0\u00bb]<\/p>\n<ul>\n<li><span style=\"color: #646464;\">Etude de brevetabilit\u00e9<\/span><\/li>\n<li><span style=\"color: #646464;\">Etude de libert\u00e9 d\u2019exploitation<\/span><\/li>\n<li><span style=\"color: #646464;\">D\u00e9p\u00f4t de brevet\u00a0<\/span><\/li>\n<li><span style=\"color: #646464;\">Enregistrement de marque<\/span><\/li>\n<\/ul>\n<p>[\/et_pb_blurb][et_pb_blurb title=\u00a0\u00bbAmor\u00e7age\u00a0\u00bb image=\u00a0\u00bbhttp:\/\/www.aquinov.fr\/wp-content\/uploads\/2020\/11\/Picto2_Plan-de-travail-1-copie.png\u00a0\u00bb icon_placement=\u00a0\u00bbleft\u00a0\u00bb image_max_width=\u00a0\u00bb70px\u00a0\u00bb image_max_width_tablet=\u00a0\u00bb\u00a0\u00bb image_max_width_phone=\u00a0\u00bb50px\u00a0\u00bb image_max_width_last_edited=\u00a0\u00bbon|phone\u00a0\u00bb _builder_version=\u00a0\u00bb4.6.6&Prime; header_font=\u00a0\u00bbSource Sans Pro|||on|||||\u00a0\u00bb header_text_color=\u00a0\u00bb#003b54&Prime; header_font_size=\u00a0\u00bb25px\u00a0\u00bb body_text_color=\u00a0\u00bb#e73e45&Prime; body_font_size=\u00a0\u00bb16px\u00a0\u00bb max_width=\u00a0\u00bb500px\u00a0\u00bb max_width_tablet=\u00a0\u00bb100%\u00a0\u00bb max_width_phone=\u00a0\u00bb\u00a0\u00bb max_width_last_edited=\u00a0\u00bbon|tablet\u00a0\u00bb custom_margin=\u00a0\u00bb-14px||26px|-74px|false|false\u00a0\u00bb custom_margin_tablet=\u00a0\u00bb-14px||26px|0px|false|false\u00a0\u00bb custom_margin_phone=\u00a0\u00bb\u00a0\u00bb custom_margin_last_edited=\u00a0\u00bbon|tablet\u00a0\u00bb custom_padding=\u00a0\u00bb||0px|||\u00a0\u00bb border_color_all_image=\u00a0\u00bb#ffffff\u00a0\u00bb]<\/p>\n<ul>\n<li><span style=\"color: #646464;\">Accompagnement contractuel (collaboration, partenariat, CDA\/NDA, MTA\u2026)<\/span><\/li>\n<li><span style=\"color: #646464;\">Valorisation Strat\u00e9gie PI (cr\u00e9ation de portefeuille, extensions \u00e0 l\u2019\u00e9tranger, etc)<\/span><\/li>\n<\/ul>\n<p>[\/et_pb_blurb][et_pb_blurb title=\u00a0\u00bbCroissance\u00a0\u00bb image=\u00a0\u00bbhttp:\/\/www.aquinov.fr\/wp-content\/uploads\/2020\/11\/Picto2_Plan-de-travail-1-copie-3.png\u00a0\u00bb icon_placement=\u00a0\u00bbleft\u00a0\u00bb image_max_width=\u00a0\u00bb70px\u00a0\u00bb image_max_width_tablet=\u00a0\u00bb\u00a0\u00bb image_max_width_phone=\u00a0\u00bb50px\u00a0\u00bb image_max_width_last_edited=\u00a0\u00bbon|phone\u00a0\u00bb _builder_version=\u00a0\u00bb4.6.6&Prime; header_font=\u00a0\u00bbSource Sans Pro|||on|||||\u00a0\u00bb header_text_color=\u00a0\u00bb#003b54&Prime; header_font_size=\u00a0\u00bb25px\u00a0\u00bb body_text_color=\u00a0\u00bb#e73e45&Prime; body_font_size=\u00a0\u00bb16px\u00a0\u00bb max_width=\u00a0\u00bb500px\u00a0\u00bb max_width_tablet=\u00a0\u00bb100%\u00a0\u00bb max_width_phone=\u00a0\u00bb\u00a0\u00bb max_width_last_edited=\u00a0\u00bbon|tablet\u00a0\u00bb custom_margin=\u00a0\u00bb-14px||26px|-74px|false|false\u00a0\u00bb custom_margin_tablet=\u00a0\u00bb-14px||26px|0px|false|false\u00a0\u00bb custom_margin_phone=\u00a0\u00bb\u00a0\u00bb custom_margin_last_edited=\u00a0\u00bbon|tablet\u00a0\u00bb custom_padding=\u00a0\u00bb||0px|||\u00a0\u00bb border_color_all_image=\u00a0\u00bb#ffffff\u00a0\u00bb]<\/p>\n<ul>\n<li><span style=\"color: #646464;\">Int\u00e9gration de la propri\u00e9t\u00e9 industrielle dans la strat\u00e9gie de l\u2019entreprise<\/span><\/li>\n<li><span style=\"color: #646464;\">Pr\u00e9contentieux \/ contentieux li\u00e9s aux droits de propri\u00e9t\u00e9 industrielle<\/span><\/li>\n<\/ul>\n<p>[\/et_pb_blurb][et_pb_blurb title=\u00a0\u00bbScale Up\u00a0\u00bb image=\u00a0\u00bbhttp:\/\/www.aquinov.fr\/wp-content\/uploads\/2020\/11\/Picto2_Plan-de-travail-1-copie-2.png\u00a0\u00bb icon_placement=\u00a0\u00bbleft\u00a0\u00bb image_max_width=\u00a0\u00bb70px\u00a0\u00bb image_max_width_tablet=\u00a0\u00bb\u00a0\u00bb image_max_width_phone=\u00a0\u00bb50px\u00a0\u00bb image_max_width_last_edited=\u00a0\u00bbon|phone\u00a0\u00bb _builder_version=\u00a0\u00bb4.6.6&Prime; header_font=\u00a0\u00bbSource Sans Pro|||on|||||\u00a0\u00bb header_text_color=\u00a0\u00bb#003b54&Prime; header_font_size=\u00a0\u00bb25px\u00a0\u00bb body_text_color=\u00a0\u00bb#e73e45&Prime; body_font_size=\u00a0\u00bb16px\u00a0\u00bb max_width=\u00a0\u00bb500px\u00a0\u00bb max_width_tablet=\u00a0\u00bb100%\u00a0\u00bb max_width_phone=\u00a0\u00bb\u00a0\u00bb max_width_last_edited=\u00a0\u00bbon|tablet\u00a0\u00bb custom_margin=\u00a0\u00bb-14px||0px|-74px|false|false\u00a0\u00bb custom_margin_tablet=\u00a0\u00bb-14px||26px|0px|false|false\u00a0\u00bb custom_margin_phone=\u00a0\u00bb\u00a0\u00bb custom_margin_last_edited=\u00a0\u00bbon|tablet\u00a0\u00bb custom_padding=\u00a0\u00bb||0px|||\u00a0\u00bb border_color_all_image=\u00a0\u00bb#ffffff\u00a0\u00bb]<\/p>\n<ul>\n<li><span style=\"color: #646464;\">Audit de propri\u00e9t\u00e9 industrielle, notamment en support de lev\u00e9e de fonds<\/span><\/li>\n<li><span style=\"color: #646464;\">Valorisation<\/span><\/li>\n<li><span style=\"color: #646464;\">Pr\u00e9paration de supports et \u00e9tablissement de la strat\u00e9gie PI pour les boards<\/span><\/li>\n<\/ul>\n<p>&nbsp;<\/p>\n<p>[\/et_pb_blurb][\/et_pb_column][\/et_pb_row][\/et_pb_section][et_pb_section fb_built=\u00a0\u00bb1&Prime; _builder_version=\u00a0\u00bb4.6.6&Prime; background_color=\u00a0\u00bb#003b54&Prime; custom_padding=\u00a0\u00bb||126px|||\u00a0\u00bb locked=\u00a0\u00bboff\u00a0\u00bb][et_pb_row custom_padding_last_edited=\u00a0\u00bbon|tablet\u00a0\u00bb _builder_version=\u00a0\u00bb4.6.6&Prime; width=\u00a0\u00bb100%\u00a0\u00bb max_width=\u00a0\u00bb750px\u00a0\u00bb module_alignment=\u00a0\u00bbcenter\u00a0\u00bb custom_margin=\u00a0\u00bb|10px||10px|false|true\u00a0\u00bb custom_padding_tablet=\u00a0\u00bb|20px||20px|false|true\u00a0\u00bb custom_padding_phone=\u00a0\u00bb|30px||30px|false|false\u00a0\u00bb][et_pb_column type=\u00a0\u00bb4_4&Prime; _builder_version=\u00a0\u00bb4.6.6&Prime; custom_padding_tablet=\u00a0\u00bb\u00a0\u00bb custom_padding_phone=\u00a0\u00bb||||false|true\u00a0\u00bb custom_padding_last_edited=\u00a0\u00bbon|phone\u00a0\u00bb][et_pb_text _builder_version=\u00a0\u00bb4.6.5&Prime; header_font=\u00a0\u00bbSource Sans Pro|700|||||||\u00a0\u00bb header_text_align=\u00a0\u00bbcenter\u00a0\u00bb header_text_color=\u00a0\u00bb#E73E45&Prime; header_font_size=\u00a0\u00bb100px\u00a0\u00bb height=\u00a0\u00bb106px\u00a0\u00bb custom_margin=\u00a0\u00bb-50px||||false|false\u00a0\u00bb animation_style=\u00a0\u00bbzoom\u00a0\u00bb animation_direction=\u00a0\u00bbbottom\u00a0\u00bb]<\/p>\n<h1>,,<\/h1>\n<p>[\/et_pb_text][et_pb_text _builder_version=\u00a0\u00bb4.6.6&Prime; header_text_align=\u00a0\u00bbcenter\u00a0\u00bb header_text_color=\u00a0\u00bb#FFFFFF\u00a0\u00bb header_3_font=\u00a0\u00bbAbel|||on|||||\u00a0\u00bb header_3_text_align=\u00a0\u00bbcenter\u00a0\u00bb header_3_text_color=\u00a0\u00bb#ffffff\u00a0\u00bb header_3_font_size=\u00a0\u00bb35px\u00a0\u00bb header_4_font=\u00a0\u00bbSource Sans Pro|700||on|||||\u00a0\u00bb header_4_text_color=\u00a0\u00bb#003B54&Prime; header_4_font_size=\u00a0\u00bb25px\u00a0\u00bb max_width=\u00a0\u00bb560px\u00a0\u00bb max_width_tablet=\u00a0\u00bb\u00a0\u00bb max_width_phone=\u00a0\u00bb\u00a0\u00bb max_width_last_edited=\u00a0\u00bbon|phone\u00a0\u00bb module_alignment=\u00a0\u00bbcenter\u00a0\u00bb custom_margin=\u00a0\u00bb||12px||false|false\u00a0\u00bb custom_padding_tablet=\u00a0\u00bb\u00a0\u00bb custom_padding_phone=\u00a0\u00bb||||false|false\u00a0\u00bb custom_padding_last_edited=\u00a0\u00bbon|phone\u00a0\u00bb animation_style=\u00a0\u00bbfade\u00a0\u00bb animation_direction=\u00a0\u00bbbottom\u00a0\u00bb locked=\u00a0\u00bboff\u00a0\u00bb]<\/p>\n<h3><span style=\"font-family: 'Source Sans Pro', Helvetica, Arial, Lucida, sans-serif; font-size: 25px; font-weight: bold;\">La propri\u00e9t\u00e9 intellectuelle est au service de la croissance des entreprises<\/span><\/h3>\n<p>[\/et_pb_text][et_pb_divider color=\u00a0\u00bb#E73E45&Prime; divider_weight=\u00a0\u00bb5px\u00a0\u00bb _builder_version=\u00a0\u00bb4.6.5&Prime; width=\u00a0\u00bb150px\u00a0\u00bb module_alignment=\u00a0\u00bbcenter\u00a0\u00bb custom_margin=\u00a0\u00bb||5px||false|false\u00a0\u00bb animation_style=\u00a0\u00bbfade\u00a0\u00bb][\/et_pb_divider][et_pb_text _builder_version=\u00a0\u00bb4.6.6&Prime; text_font=\u00a0\u00bbSource Sans Pro||||||||\u00a0\u00bb text_text_color=\u00a0\u00bb#ffffff\u00a0\u00bb text_font_size=\u00a0\u00bb20px\u00a0\u00bb text_line_height=\u00a0\u00bb1.4em\u00a0\u00bb header_4_font=\u00a0\u00bbSource Sans Pro||||||||\u00a0\u00bb header_4_font_size=\u00a0\u00bb20px\u00a0\u00bb header_4_line_height=\u00a0\u00bb1.3em\u00a0\u00bb text_orientation=\u00a0\u00bbcenter\u00a0\u00bb animation_style=\u00a0\u00bbfade\u00a0\u00bb animation_delay=\u00a0\u00bb200ms\u00a0\u00bb header_4_font_size_tablet=\u00a0\u00bb\u00a0\u00bb header_4_font_size_phone=\u00a0\u00bb18px\u00a0\u00bb header_4_font_size_last_edited=\u00a0\u00bbon|phone\u00a0\u00bb animation_duration_tablet=\u00a0\u00bb\u00a0\u00bb animation_duration_phone=\u00a0\u00bb0ms\u00a0\u00bb animation_duration_last_edited=\u00a0\u00bbon|phone\u00a0\u00bb]<\/p>\n<p><strong>Plus qu\u2019une brique juridique, nos experts apportent un conseil global apr\u00e8s \u00e9tude du contexte et s\u2019attachent \u00e0 proposer des solutions qui prennent en compte vos enjeux business, au niveau national, europ\u00e9en et international.<\/strong><\/p>\n<p>[\/et_pb_text][\/et_pb_column][\/et_pb_row][\/et_pb_section]<\/p>\n","protected":false},"excerpt":{"rendered":"<p>\u00c0 VOS C\u00d4T\u00c9SUn accompagnementNous intervenons \u00e0 chaque \u00e9tape de la cr\u00e9ation et du d\u00e9veloppement de votre entreprise afin de prot\u00e9ger, \u00e9valuer et valoriser vos actifs immat\u00e9riels. Nous avons une excellente connaissance de l\u2019environnement des startups, de leurs contraintes, juridiques et techniques, de leur process de financement, aussi nous sommes en capacit\u00e9 de proposer des strat\u00e9gies [&hellip;]<\/p>\n","protected":false},"author":7,"featured_media":0,"parent":0,"menu_order":0,"comment_status":"closed","ping_status":"closed","template":"","meta":{"_et_pb_use_builder":"on","_et_pb_old_content":"","_et_gb_content_width":"","footnotes":""},"class_list":["post-411","page","type-page","status-publish","hentry"],"yoast_head":"<!-- This site is optimized with the Yoast SEO plugin v27.3 - https:\/\/yoast.com\/product\/yoast-seo-wordpress\/ -->\n<title>\u00c0 VOS C\u00d4T\u00c9S - AQUINOV VOUS ACCOMPAGNE<\/title>\n<meta name=\"description\" content=\"Nous intervenons \u00e0 chaque \u00e9tape de la cr\u00e9ation et du d\u00e9veloppement de votre entreprise afin de prot\u00e9ger, \u00e9valuer et valoriser vos actifs immat\u00e9riels.\" \/>\n<meta name=\"robots\" content=\"index, follow, max-snippet:-1, max-image-preview:large, max-video-preview:-1\" \/>\n<link rel=\"canonical\" href=\"https:\/\/www.aquinov.fr\/conseils-propriete-industrielle-sud-ouest\/a-vos-cotes\/\" \/>\n<meta property=\"og:locale\" content=\"fr_FR\" \/>\n<meta property=\"og:type\" content=\"article\" \/>\n<meta property=\"og:title\" content=\"\u00c0 VOS C\u00d4T\u00c9S - AQUINOV VOUS ACCOMPAGNE\" \/>\n<meta property=\"og:description\" content=\"Nous intervenons \u00e0 chaque \u00e9tape de la cr\u00e9ation et du d\u00e9veloppement de votre entreprise afin de prot\u00e9ger, \u00e9valuer et valoriser vos actifs immat\u00e9riels.\" \/>\n<meta property=\"og:url\" content=\"https:\/\/www.aquinov.fr\/conseils-propriete-industrielle-sud-ouest\/a-vos-cotes\/\" \/>\n<meta property=\"og:site_name\" content=\"Aquinov\" \/>\n<meta property=\"article:modified_time\" content=\"2021-03-10T14:54:44+00:00\" \/>\n<meta name=\"twitter:card\" content=\"summary_large_image\" \/>\n<meta name=\"twitter:label1\" content=\"Dur\u00e9e de lecture estim\u00e9e\" \/>\n\t<meta name=\"twitter:data1\" content=\"8 minutes\" \/>\n<script type=\"application\/ld+json\" class=\"yoast-schema-graph\">{\"@context\":\"https:\\\/\\\/schema.org\",\"@graph\":[{\"@type\":\"WebPage\",\"@id\":\"https:\\\/\\\/www.aquinov.fr\\\/conseils-propriete-industrielle-sud-ouest\\\/a-vos-cotes\\\/\",\"url\":\"https:\\\/\\\/www.aquinov.fr\\\/conseils-propriete-industrielle-sud-ouest\\\/a-vos-cotes\\\/\",\"name\":\"\u00c0 VOS C\u00d4T\u00c9S - AQUINOV VOUS ACCOMPAGNE\",\"isPartOf\":{\"@id\":\"https:\\\/\\\/www.aquinov.fr\\\/conseils-propriete-industrielle-sud-ouest\\\/#website\"},\"datePublished\":\"2021-01-04T16:55:58+00:00\",\"dateModified\":\"2021-03-10T14:54:44+00:00\",\"description\":\"Nous intervenons \u00e0 chaque \u00e9tape de la cr\u00e9ation et du d\u00e9veloppement de votre entreprise afin de prot\u00e9ger, \u00e9valuer et valoriser vos actifs immat\u00e9riels.\",\"inLanguage\":\"fr-FR\",\"potentialAction\":[{\"@type\":\"ReadAction\",\"target\":[\"https:\\\/\\\/www.aquinov.fr\\\/conseils-propriete-industrielle-sud-ouest\\\/a-vos-cotes\\\/\"]}]},{\"@type\":\"WebSite\",\"@id\":\"https:\\\/\\\/www.aquinov.fr\\\/conseils-propriete-industrielle-sud-ouest\\\/#website\",\"url\":\"https:\\\/\\\/www.aquinov.fr\\\/conseils-propriete-industrielle-sud-ouest\\\/\",\"name\":\"Aquinov\",\"description\":\"DONNEZ DE LA VALEUR \u00c0 VOS INNOVATIONS\",\"potentialAction\":[{\"@type\":\"SearchAction\",\"target\":{\"@type\":\"EntryPoint\",\"urlTemplate\":\"https:\\\/\\\/www.aquinov.fr\\\/conseils-propriete-industrielle-sud-ouest\\\/?s={search_term_string}\"},\"query-input\":{\"@type\":\"PropertyValueSpecification\",\"valueRequired\":true,\"valueName\":\"search_term_string\"}}],\"inLanguage\":\"fr-FR\"}]}<\/script>\n<!-- \/ Yoast SEO plugin. -->","yoast_head_json":{"title":"\u00c0 VOS C\u00d4T\u00c9S - AQUINOV VOUS ACCOMPAGNE","description":"Nous intervenons \u00e0 chaque \u00e9tape de la cr\u00e9ation et du d\u00e9veloppement de votre entreprise afin de prot\u00e9ger, \u00e9valuer et valoriser vos actifs immat\u00e9riels.","robots":{"index":"index","follow":"follow","max-snippet":"max-snippet:-1","max-image-preview":"max-image-preview:large","max-video-preview":"max-video-preview:-1"},"canonical":"https:\/\/www.aquinov.fr\/conseils-propriete-industrielle-sud-ouest\/a-vos-cotes\/","og_locale":"fr_FR","og_type":"article","og_title":"\u00c0 VOS C\u00d4T\u00c9S - AQUINOV VOUS ACCOMPAGNE","og_description":"Nous intervenons \u00e0 chaque \u00e9tape de la cr\u00e9ation et du d\u00e9veloppement de votre entreprise afin de prot\u00e9ger, \u00e9valuer et valoriser vos actifs immat\u00e9riels.","og_url":"https:\/\/www.aquinov.fr\/conseils-propriete-industrielle-sud-ouest\/a-vos-cotes\/","og_site_name":"Aquinov","article_modified_time":"2021-03-10T14:54:44+00:00","twitter_card":"summary_large_image","twitter_misc":{"Dur\u00e9e de lecture estim\u00e9e":"8 minutes"},"schema":{"@context":"https:\/\/schema.org","@graph":[{"@type":"WebPage","@id":"https:\/\/www.aquinov.fr\/conseils-propriete-industrielle-sud-ouest\/a-vos-cotes\/","url":"https:\/\/www.aquinov.fr\/conseils-propriete-industrielle-sud-ouest\/a-vos-cotes\/","name":"\u00c0 VOS C\u00d4T\u00c9S - AQUINOV VOUS ACCOMPAGNE","isPartOf":{"@id":"https:\/\/www.aquinov.fr\/conseils-propriete-industrielle-sud-ouest\/#website"},"datePublished":"2021-01-04T16:55:58+00:00","dateModified":"2021-03-10T14:54:44+00:00","description":"Nous intervenons \u00e0 chaque \u00e9tape de la cr\u00e9ation et du d\u00e9veloppement de votre entreprise afin de prot\u00e9ger, \u00e9valuer et valoriser vos actifs immat\u00e9riels.","inLanguage":"fr-FR","potentialAction":[{"@type":"ReadAction","target":["https:\/\/www.aquinov.fr\/conseils-propriete-industrielle-sud-ouest\/a-vos-cotes\/"]}]},{"@type":"WebSite","@id":"https:\/\/www.aquinov.fr\/conseils-propriete-industrielle-sud-ouest\/#website","url":"https:\/\/www.aquinov.fr\/conseils-propriete-industrielle-sud-ouest\/","name":"Aquinov","description":"DONNEZ DE LA VALEUR \u00c0 VOS INNOVATIONS","potentialAction":[{"@type":"SearchAction","target":{"@type":"EntryPoint","urlTemplate":"https:\/\/www.aquinov.fr\/conseils-propriete-industrielle-sud-ouest\/?s={search_term_string}"},"query-input":{"@type":"PropertyValueSpecification","valueRequired":true,"valueName":"search_term_string"}}],"inLanguage":"fr-FR"}]}},"_links":{"self":[{"href":"https:\/\/www.aquinov.fr\/conseils-propriete-industrielle-sud-ouest\/wp-json\/wp\/v2\/pages\/411","targetHints":{"allow":["GET"]}}],"collection":[{"href":"https:\/\/www.aquinov.fr\/conseils-propriete-industrielle-sud-ouest\/wp-json\/wp\/v2\/pages"}],"about":[{"href":"https:\/\/www.aquinov.fr\/conseils-propriete-industrielle-sud-ouest\/wp-json\/wp\/v2\/types\/page"}],"author":[{"embeddable":true,"href":"https:\/\/www.aquinov.fr\/conseils-propriete-industrielle-sud-ouest\/wp-json\/wp\/v2\/users\/7"}],"replies":[{"embeddable":true,"href":"https:\/\/www.aquinov.fr\/conseils-propriete-industrielle-sud-ouest\/wp-json\/wp\/v2\/comments?post=411"}],"version-history":[{"count":22,"href":"https:\/\/www.aquinov.fr\/conseils-propriete-industrielle-sud-ouest\/wp-json\/wp\/v2\/pages\/411\/revisions"}],"predecessor-version":[{"id":1669,"href":"https:\/\/www.aquinov.fr\/conseils-propriete-industrielle-sud-ouest\/wp-json\/wp\/v2\/pages\/411\/revisions\/1669"}],"wp:attachment":[{"href":"https:\/\/www.aquinov.fr\/conseils-propriete-industrielle-sud-ouest\/wp-json\/wp\/v2\/media?parent=411"}],"curies":[{"name":"wp","href":"https:\/\/api.w.org\/{rel}","templated":true}]}}